{"id":1362,"date":"2019-03-06T14:40:34","date_gmt":"2019-03-06T13:40:34","guid":{"rendered":"https:\/\/fondation-alberici.org\/soumettre-un-projet\/"},"modified":"2026-04-01T12:38:48","modified_gmt":"2026-04-01T10:38:48","slug":"submit-project","status":"publish","type":"page","link":"https:\/\/fondation-alberici.org\/en\/submit-project\/","title":{"rendered":"Submit a project"},"content":{"rendered":"<div class=\"wpb-content-wrapper\"><p>[vc_row css=&#8221;.vc_custom_1553178944790{margin-top: 20px !important;}&#8221;][vc_column width=&#8221;2\/3&#8243; offset=&#8221;vc_col-lg-8 vc_col-md-8 vc_col-xs-12&#8243;]<div id=\"ultimate-heading-104069e764e3c98f7\" class=\"uvc-heading ult-adjust-bottom-margin ultimate-heading-104069e764e3c98f7 uvc-7031  uvc-heading-default-font-sizes\" data-hspacer=\"image_only\"  data-halign=\"left\" style=\"text-align:left\"><div class=\"uvc-main-heading ult-responsive\"  data-ultimate-target='.uvc-heading.ultimate-heading-104069e764e3c98f7 h2'  data-responsive-json-new='{\"font-size\":\"\",\"line-height\":\"\"}' ><h2 style=\"--font-weight:theme;color:#eb800e;\">CONDITIONS REQUIRED TO BENEFIT FROM OUR SUPPORT<\/h2><\/div><div class=\"uvc-heading-spacer image_only\" style=\"top\"><img decoding=\"async\" src=\"https:\/\/fondation-alberici.org\/wp-content\/uploads\/2019\/02\/barre-bleu.png\" class=\"ultimate-headings-icon-image\" alt=\"barre sous titre bleu\" style=\"width:48px\"\/><\/div><\/div>[vc_column_text]<\/p>\n<ul>\n<li class=\"p2\">Fondation Dominique &amp; Tom Alberici is solely concerned with disabilities and cancer.<\/li>\n<li class=\"p2\">Any project you submit must be supported by an association, NGO or non-profit organisation.<\/li>\n<li class=\"p3\">Our financial intervention is generally in the order of 5 to 50% of the coast of the project.<\/li>\n<li class=\"p2\">The project must be direct, by which we mean that it must benefit the cancer sufferer or disabled person, or their nearest and dearest directly.<\/li>\n<li class=\"p2\">The foundation must play a significant and essential part in the project&#8217;s launch and development.<\/li>\n<li class=\"p3\">You will be asked to provide follow-up of the project (in the form of a progress report).<\/li>\n<\/ul>\n<p>[\/vc_column_text][\/vc_column][vc_column width=&#8221;1\/3&#8243;][vc_video link=&#8221;https:\/\/youtu.be\/Bo7j4aBd-Fg&#8221;][\/vc_column][\/vc_row][vc_row gap=&#8221;35&#8243; equal_height=&#8221;yes&#8221; content_placement=&#8221;middle&#8221; css=&#8221;.vc_custom_1551880409982{padding-bottom: 35px !important;}&#8221;][vc_column offset=&#8221;vc_col-lg-8 vc_col-md-8 vc_col-xs-12&#8243;]<div id=\"ultimate-heading-207869e764e3c9bb6\" class=\"uvc-heading ult-adjust-bottom-margin ultimate-heading-207869e764e3c9bb6 uvc-1728  uvc-heading-default-font-sizes\" data-hspacer=\"image_only\"  data-halign=\"left\" style=\"text-align:left\"><div class=\"uvc-main-heading ult-responsive\"  data-ultimate-target='.uvc-heading.ultimate-heading-207869e764e3c9bb6 h2'  data-responsive-json-new='{\"font-size\":\"\",\"line-height\":\"\"}' ><h2 style=\"--font-weight:theme;\">WANT TO SUBMIT A PROJECT TO OBTAIN FUNDING?<\/h2><\/div><div class=\"uvc-heading-spacer image_only\" style=\"top\"><img decoding=\"async\" src=\"https:\/\/fondation-alberici.org\/wp-content\/uploads\/2019\/02\/barre-orange.png\" class=\"ultimate-headings-icon-image\" alt=\"barre sous titre orange\" style=\"width:48px\"\/><\/div><\/div>[vc_column_text]Complete and submit our &#8220;project&#8221; form[\/vc_column_text]<div class=\" ubtn-ctn-left \"><a class=\"ubtn-link ult-adjust-bottom-margin ubtn-left ubtn-normal \" href=\"https:\/\/fondation-alberici.org\/wp-content\/uploads\/2025\/12\/Demande_de_partenariat-2025-2026.doc\" target=\"_blank\" rel=\"noopener\" ><button type=\"button\" id=\"ubtn-9636\"  class=\"ubtn ult-adjust-bottom-margin ult-responsive ubtn-normal ubtn-no-hover-bg  none  ubtn-left   tooltip-69e764e3c9be8\"  data-hover=\"#ffffff\" data-border-color=\"\" data-bg=\"#eb800e\" data-hover-bg=\"#094784\" data-border-hover=\"\" data-shadow-hover=\"\" data-shadow-click=\"none\" data-shadow=\"\" data-shd-shadow=\"\"  data-ultimate-target='#ubtn-9636'  data-responsive-json-new='{\"font-size\":\"\",\"line-height\":\"\"}'  style=\"font-weight:normal;border:none;background: #eb800e;color: #ffffff;\"><span class=\"ubtn-hover\" style=\"background-color:#094784\"><\/span><span class=\"ubtn-data ubtn-text \" >Download the form<\/span><\/button><\/a><\/div>[\/vc_column][\/vc_row][vc_row full_width=&#8221;stretch_row&#8221; bg_type=&#8221;image&#8221; parallax_style=&#8221;vcpb-default&#8221; bg_image_new=&#8221;id^144|url^https:\/\/fondation-alberici.org\/wp-content\/uploads\/2019\/03\/fond-bandeau-contact.png|caption^null|alt^fond-bandeau-contact|title^fond-bandeau-contact|description^null&#8221; bg_image_repeat=&#8221;no-repeat&#8221; bg_override=&#8221;ex-full&#8221; el_id=&#8221;contact&#8221;][vc_column css=&#8221;.vc_custom_1552387949688{margin-top: 0px !important;padding-top: 200px !important;}&#8221;]<div id=\"ultimate-heading-371469e764e3c9c36\" class=\"uvc-heading ult-adjust-bottom-margin ultimate-heading-371469e764e3c9c36 uvc-5262  uvc-heading-default-font-sizes\" data-hspacer=\"image_only\"  data-halign=\"center\" style=\"text-align:center\"><div class=\"uvc-main-heading ult-responsive\"  data-ultimate-target='.uvc-heading.ultimate-heading-371469e764e3c9c36 h2'  data-responsive-json-new='{\"font-size\":\"\",\"line-height\":\"\"}' ><h2 style=\"--font-weight:theme;color:#ffffff;margin-bottom:20px;\">Do not hesitate to contact us if you want to know more!<\/h2><\/div><div class=\"uvc-heading-spacer image_only\" style=\"top\"><img decoding=\"async\" src=\"\" class=\"ultimate-headings-icon-image\" alt=\"\" style=\"width:36px\"\/><\/div><\/div>[vc_row_inner][vc_column_inner width=&#8221;1\/2&#8243; offset=&#8221;vc_col-lg-offset-3 vc_col-lg-3 vc_col-md-offset-1 vc_col-md-5 vc_col-xs-12&#8243;][vc_icon icon_fontawesome=&#8221;fa fa-phone&#8221; color=&#8221;custom&#8221; size=&#8221;sm&#8221; custom_color=&#8221;#ffffff&#8221; el_class=&#8221;tel&#8221;][vc_column_text el_class=&#8221;tel&#8221; css=&#8221;.vc_custom_1551888104300{padding-top: 15px !important;}&#8221;]<\/p>\n<p style=\"text-align: left;\">+33 (0)4 37 49 87 20<\/p>\n<p>[\/vc_column_text][\/vc_column_inner][vc_column_inner width=&#8221;1\/2&#8243; offset=&#8221;vc_col-lg-3 vc_col-md-offset-0 vc_col-md-6 vc_col-xs-12&#8243;][vc_icon icon_fontawesome=&#8221;fa fa-envelope&#8221; color=&#8221;custom&#8221; size=&#8221;sm&#8221; custom_color=&#8221;#ffffff&#8221; el_class=&#8221;mail&#8221;][vc_column_text el_class=&#8221;mail&#8221; css=&#8221;.vc_custom_1752756412228{padding-top: 15px !important;}&#8221;]<\/p>\n<p style=\"text-align: left;\"><a href=\"mailto:initiative@octalfa.eu\">fondation-alberici@octalfa.eu<\/a><\/p>\n<p>[\/vc_column_text][\/vc_column_inner][\/vc_row_inner][\/vc_column][\/vc_row]<\/p>\n<\/div>","protected":false},"excerpt":{"rendered":"<p>[vc_row css=&#8221;.vc_custom_1553178944790{margin-top: 20px !important;}&#8221;][vc_column width=&#8221;2\/3&#8243; offset=&#8221;vc_col-lg-8 vc_col-md-8 vc_col-xs-12&#8243;][vc_column_text] Fondation Dominique &amp; Tom Alberici is solely concerned with disabilities and cancer.&hellip;<\/p>\n","protected":false},"author":1,"featured_media":0,"parent":0,"menu_order":0,"comment_status":"closed","ping_status":"closed","template":"","meta":{"footnotes":""},"acf":[],"yoast_head":"<!-- This site is optimized with the Yoast SEO plugin v21.8.1 - https:\/\/yoast.com\/wordpress\/plugins\/seo\/ -->\n<title>Submit a project - Fondation Dominique &amp; Tom Alberici - OCTALFA<\/title>\n<meta name=\"description\" content=\"ondation Dominique &amp; Tom Alberici is solely concerned with disabilities and cancer. WANT TO SUBMIT A PROJECT TO OBTAIN FUNDING? Complete and submit our &quot;project&quot; form.\" \/>\n<meta name=\"robots\" content=\"index, follow, max-snippet:-1, max-image-preview:large, max-video-preview:-1\" \/>\n<link rel=\"canonical\" href=\"https:\/\/fondation-alberici.org\/en\/submit-project\/\" \/>\n<meta property=\"og:locale\" content=\"en_US\" \/>\n<meta property=\"og:type\" content=\"article\" \/>\n<meta property=\"og:title\" content=\"Submit a project - Fondation Dominique &amp; Tom Alberici - OCTALFA\" \/>\n<meta property=\"og:description\" content=\"ondation Dominique &amp; Tom Alberici is solely concerned with disabilities and cancer. WANT TO SUBMIT A PROJECT TO OBTAIN FUNDING? Complete and submit our &quot;project&quot; form.\" \/>\n<meta property=\"og:url\" content=\"https:\/\/fondation-alberici.org\/en\/submit-project\/\" \/>\n<meta property=\"og:site_name\" content=\"Fondation Dominique &amp; Tom Alberici - OCTALFA\" \/>\n<meta property=\"article:modified_time\" content=\"2026-04-01T10:38:48+00:00\" \/>\n<meta name=\"twitter:card\" content=\"summary_large_image\" \/>\n<meta name=\"twitter:label1\" content=\"Est. reading time\" \/>\n\t<meta name=\"twitter:data1\" content=\"2 minutes\" \/>\n<script type=\"application\/ld+json\" class=\"yoast-schema-graph\">{\"@context\":\"https:\/\/schema.org\",\"@graph\":[{\"@type\":\"WebPage\",\"@id\":\"https:\/\/fondation-alberici.org\/en\/submit-project\/\",\"url\":\"https:\/\/fondation-alberici.org\/en\/submit-project\/\",\"name\":\"Submit a project - Fondation Dominique &amp; Tom Alberici - OCTALFA\",\"isPartOf\":{\"@id\":\"https:\/\/fondation-alberici.org\/#website\"},\"datePublished\":\"2019-03-06T13:40:34+00:00\",\"dateModified\":\"2026-04-01T10:38:48+00:00\",\"description\":\"ondation Dominique & Tom Alberici is solely concerned with disabilities and cancer. WANT TO SUBMIT A PROJECT TO OBTAIN FUNDING? Complete and submit our \\\"project\\\" form.\",\"breadcrumb\":{\"@id\":\"https:\/\/fondation-alberici.org\/en\/submit-project\/#breadcrumb\"},\"inLanguage\":\"en-US\",\"potentialAction\":[{\"@type\":\"ReadAction\",\"target\":[\"https:\/\/fondation-alberici.org\/en\/submit-project\/\"]}]},{\"@type\":\"BreadcrumbList\",\"@id\":\"https:\/\/fondation-alberici.org\/en\/submit-project\/#breadcrumb\",\"itemListElement\":[{\"@type\":\"ListItem\",\"position\":1,\"name\":\"Accueil\",\"item\":\"https:\/\/fondation-alberici.org\/en\/\"},{\"@type\":\"ListItem\",\"position\":2,\"name\":\"Submit a project\"}]},{\"@type\":\"WebSite\",\"@id\":\"https:\/\/fondation-alberici.org\/#website\",\"url\":\"https:\/\/fondation-alberici.org\/\",\"name\":\"Fondation Dominique &amp; Tom Alberici - OCTALFA\",\"description\":\"Am\u00e9liorer la qualit\u00e9 de vie des personnes handicap\u00e9es et des malades souffrant de cancers. \",\"potentialAction\":[{\"@type\":\"SearchAction\",\"target\":{\"@type\":\"EntryPoint\",\"urlTemplate\":\"https:\/\/fondation-alberici.org\/?s={search_term_string}\"},\"query-input\":\"required name=search_term_string\"}],\"inLanguage\":\"en-US\"}]}<\/script>\n<!-- \/ Yoast SEO plugin. -->","yoast_head_json":{"title":"Submit a project - Fondation Dominique &amp; Tom Alberici - OCTALFA","description":"ondation Dominique & Tom Alberici is solely concerned with disabilities and cancer. WANT TO SUBMIT A PROJECT TO OBTAIN FUNDING? Complete and submit our \"project\" form.","robots":{"index":"index","follow":"follow","max-snippet":"max-snippet:-1","max-image-preview":"max-image-preview:large","max-video-preview":"max-video-preview:-1"},"canonical":"https:\/\/fondation-alberici.org\/en\/submit-project\/","og_locale":"en_US","og_type":"article","og_title":"Submit a project - Fondation Dominique &amp; Tom Alberici - OCTALFA","og_description":"ondation Dominique & Tom Alberici is solely concerned with disabilities and cancer. WANT TO SUBMIT A PROJECT TO OBTAIN FUNDING? Complete and submit our \"project\" form.","og_url":"https:\/\/fondation-alberici.org\/en\/submit-project\/","og_site_name":"Fondation Dominique &amp; Tom Alberici - OCTALFA","article_modified_time":"2026-04-01T10:38:48+00:00","twitter_card":"summary_large_image","twitter_misc":{"Est. reading time":"2 minutes"},"schema":{"@context":"https:\/\/schema.org","@graph":[{"@type":"WebPage","@id":"https:\/\/fondation-alberici.org\/en\/submit-project\/","url":"https:\/\/fondation-alberici.org\/en\/submit-project\/","name":"Submit a project - Fondation Dominique &amp; Tom Alberici - OCTALFA","isPartOf":{"@id":"https:\/\/fondation-alberici.org\/#website"},"datePublished":"2019-03-06T13:40:34+00:00","dateModified":"2026-04-01T10:38:48+00:00","description":"ondation Dominique & Tom Alberici is solely concerned with disabilities and cancer. WANT TO SUBMIT A PROJECT TO OBTAIN FUNDING? Complete and submit our \"project\" form.","breadcrumb":{"@id":"https:\/\/fondation-alberici.org\/en\/submit-project\/#breadcrumb"},"inLanguage":"en-US","potentialAction":[{"@type":"ReadAction","target":["https:\/\/fondation-alberici.org\/en\/submit-project\/"]}]},{"@type":"BreadcrumbList","@id":"https:\/\/fondation-alberici.org\/en\/submit-project\/#breadcrumb","itemListElement":[{"@type":"ListItem","position":1,"name":"Accueil","item":"https:\/\/fondation-alberici.org\/en\/"},{"@type":"ListItem","position":2,"name":"Submit a project"}]},{"@type":"WebSite","@id":"https:\/\/fondation-alberici.org\/#website","url":"https:\/\/fondation-alberici.org\/","name":"Fondation Dominique &amp; Tom Alberici - OCTALFA","description":"Am\u00e9liorer la qualit\u00e9 de vie des personnes handicap\u00e9es et des malades souffrant de cancers. ","potentialAction":[{"@type":"SearchAction","target":{"@type":"EntryPoint","urlTemplate":"https:\/\/fondation-alberici.org\/?s={search_term_string}"},"query-input":"required name=search_term_string"}],"inLanguage":"en-US"}]}},"_links":{"self":[{"href":"https:\/\/fondation-alberici.org\/en\/wp-json\/wp\/v2\/pages\/1362"}],"collection":[{"href":"https:\/\/fondation-alberici.org\/en\/wp-json\/wp\/v2\/pages"}],"about":[{"href":"https:\/\/fondation-alberici.org\/en\/wp-json\/wp\/v2\/types\/page"}],"author":[{"embeddable":true,"href":"https:\/\/fondation-alberici.org\/en\/wp-json\/wp\/v2\/users\/1"}],"replies":[{"embeddable":true,"href":"https:\/\/fondation-alberici.org\/en\/wp-json\/wp\/v2\/comments?post=1362"}],"version-history":[{"count":25,"href":"https:\/\/fondation-alberici.org\/en\/wp-json\/wp\/v2\/pages\/1362\/revisions"}],"predecessor-version":[{"id":4658,"href":"https:\/\/fondation-alberici.org\/en\/wp-json\/wp\/v2\/pages\/1362\/revisions\/4658"}],"wp:attachment":[{"href":"https:\/\/fondation-alberici.org\/en\/wp-json\/wp\/v2\/media?parent=1362"}],"curies":[{"name":"wp","href":"https:\/\/api.w.org\/{rel}","templated":true}]}}