{"id":1360,"date":"2019-03-06T15:25:51","date_gmt":"2019-03-06T14:25:51","guid":{"rendered":"https:\/\/fondation-alberici.org\/rencontres-temoignages\/"},"modified":"2026-04-01T12:44:03","modified_gmt":"2026-04-01T10:44:03","slug":"meetings-testimonies","status":"publish","type":"page","link":"https:\/\/fondation-alberici.org\/en\/meetings-testimonies\/","title":{"rendered":"Meetings &#038; Testimonies"},"content":{"rendered":"<div class=\"wpb-content-wrapper\"><p>[vc_row gap=&#8221;35&#8243; equal_height=&#8221;yes&#8221; content_placement=&#8221;middle&#8221; css=&#8221;.vc_custom_1551880409982{padding-bottom: 35px !important;}&#8221;][vc_column width=&#8221;2\/3&#8243; offset=&#8221;vc_col-lg-8 vc_col-md-8 vc_col-xs-12&#8243;][vc_column_text]In February 2013 in Lyon, Fondation Dominique &amp; Tom Alberici \u2013 Octalfa gathered together all the actors it has supported since its inception in 2008. Forty people representing 26 projects attended the event. Following the initial five-year commitment made by the Alberici family and Octalfa, this day devoted to meetings enabled us to confirm the merits of the foundation&#8217;s action. Each partner was given the opportunity to present its organisation and project, and explain in what way the foundation&#8217;s support had played an essential part in bringing the project to fruition.<\/p>\n<p>Informal exchanges also enabled us to forge links between the organisations we support, and hear the future requirements and needs to be taken into consideration by sponsors and Fondation Dominique &amp; Tom Alberici.<\/p>\n<p>The administrators of Fondation Dominique &amp; Tom Alberici have chosen to renew the experience. To celebrate the 10th anniversary of the foundation, and the one hundred projects it has supported so far, a festive and convivial musical evening on the 17th April 2019 at Espace Valpr\u00e9 in Ecully will gather together all the associations and organisations supported since 2008 as well as the sponsors and friends of the foundation. The next day, exchanges, presentations and round table meetings will be organised to fuel our policy and action over the next five years.[\/vc_column_text][\/vc_column][vc_column width=&#8221;1\/3&#8243;]<div id=\"ultimate-heading-240869df28c58c16a\" class=\"uvc-heading ult-adjust-bottom-margin ultimate-heading-240869df28c58c16a uvc-4616  uvc-heading-default-font-sizes\" data-hspacer=\"no_spacer\"  data-halign=\"center\" style=\"text-align:center\"><div class=\"uvc-heading-spacer no_spacer\" style=\"top\"><\/div><\/div>[vc_video link=&#8221;https:\/\/youtu.be\/LyY1KmYw82o&#8221;][\/vc_column][\/vc_row][vc_row full_width=&#8221;stretch_row&#8221; bg_type=&#8221;image&#8221; parallax_style=&#8221;vcpb-default&#8221; bg_image_new=&#8221;id^144|url^https:\/\/fondation-alberici.org\/wp-content\/uploads\/2019\/03\/fond-bandeau-contact.png|caption^null|alt^fond-bandeau-contact|title^fond-bandeau-contact|description^null&#8221; bg_image_repeat=&#8221;no-repeat&#8221; bg_override=&#8221;ex-full&#8221; el_id=&#8221;contact&#8221;][vc_column css=&#8221;.vc_custom_1552387949688{margin-top: 0px !important;padding-top: 200px !important;}&#8221;]<div id=\"ultimate-heading-336969df28c58c1bd\" class=\"uvc-heading ult-adjust-bottom-margin ultimate-heading-336969df28c58c1bd uvc-3771  uvc-heading-default-font-sizes\" data-hspacer=\"image_only\"  data-halign=\"center\" style=\"text-align:center\"><div class=\"uvc-main-heading ult-responsive\"  data-ultimate-target='.uvc-heading.ultimate-heading-336969df28c58c1bd h2'  data-responsive-json-new='{\"font-size\":\"\",\"line-height\":\"\"}' ><h2 style=\"--font-weight:theme;color:#ffffff;margin-bottom:20px;\">Do not hesitate to contact us if you want to know more!<\/h2><\/div><div class=\"uvc-heading-spacer image_only\" style=\"top\"><img decoding=\"async\" src=\"\" class=\"ultimate-headings-icon-image\" alt=\"\" style=\"width:36px\"\/><\/div><\/div>[vc_row_inner][vc_column_inner width=&#8221;1\/2&#8243; offset=&#8221;vc_col-lg-offset-3 vc_col-lg-3 vc_col-md-offset-1 vc_col-md-5 vc_col-xs-12&#8243;][vc_icon icon_fontawesome=&#8221;fa fa-phone&#8221; color=&#8221;custom&#8221; size=&#8221;sm&#8221; custom_color=&#8221;#ffffff&#8221; el_class=&#8221;tel&#8221;][vc_column_text el_class=&#8221;tel&#8221; css=&#8221;.vc_custom_1551888104300{padding-top: 15px !important;}&#8221;]<\/p>\n<p style=\"text-align: left;\">+33 (0)4 37 49 87 20<\/p>\n<p>[\/vc_column_text][\/vc_column_inner][vc_column_inner width=&#8221;1\/2&#8243; offset=&#8221;vc_col-lg-3 vc_col-md-offset-0 vc_col-md-6 vc_col-xs-12&#8243;][vc_icon icon_fontawesome=&#8221;fa fa-envelope&#8221; color=&#8221;custom&#8221; size=&#8221;sm&#8221; custom_color=&#8221;#ffffff&#8221; el_class=&#8221;mail&#8221;][vc_column_text el_class=&#8221;mail&#8221; css=&#8221;.vc_custom_1752756085101{padding-top: 15px !important;}&#8221;]<\/p>\n<p style=\"text-align: left;\"><a href=\"mailto:initiative@octalfa.eu\">fondation-alberici@octalfa.eu<\/a><\/p>\n<p>[\/vc_column_text][\/vc_column_inner][\/vc_row_inner][\/vc_column][\/vc_row]<\/p>\n<\/div>","protected":false},"excerpt":{"rendered":"<p>[vc_row gap=&#8221;35&#8243; equal_height=&#8221;yes&#8221; content_placement=&#8221;middle&#8221; css=&#8221;.vc_custom_1551880409982{padding-bottom: 35px !important;}&#8221;][vc_column width=&#8221;2\/3&#8243; offset=&#8221;vc_col-lg-8 vc_col-md-8 vc_col-xs-12&#8243;][vc_column_text]In February 2013 in Lyon, Fondation Dominique &amp; Tom Alberici&hellip;<\/p>\n","protected":false},"author":1,"featured_media":0,"parent":0,"menu_order":0,"comment_status":"closed","ping_status":"closed","template":"","meta":{"footnotes":""},"acf":[],"yoast_head":"<!-- This site is optimized with the Yoast SEO plugin v21.8.1 - https:\/\/yoast.com\/wordpress\/plugins\/seo\/ -->\n<title>Meetings &amp; Testimonies | Fondation Dominique &amp; Tom Alberici<\/title>\n<meta name=\"description\" content=\"Informal exchanges also enabled us to forge links between the organisations we support, and hear the future requirements and needs to be taken into consideration by sponsors and Fondation Dominique &amp; Tom Alberici.\" \/>\n<meta name=\"robots\" content=\"index, follow, max-snippet:-1, max-image-preview:large, max-video-preview:-1\" \/>\n<link rel=\"canonical\" href=\"https:\/\/fondation-alberici.org\/en\/meetings-testimonies\/\" \/>\n<meta property=\"og:locale\" content=\"en_US\" \/>\n<meta property=\"og:type\" content=\"article\" \/>\n<meta property=\"og:title\" content=\"Meetings &amp; Testimonies | Fondation Dominique &amp; Tom Alberici\" \/>\n<meta property=\"og:description\" content=\"Informal exchanges also enabled us to forge links between the organisations we support, and hear the future requirements and needs to be taken into consideration by sponsors and Fondation Dominique &amp; Tom Alberici.\" \/>\n<meta property=\"og:url\" content=\"https:\/\/fondation-alberici.org\/en\/meetings-testimonies\/\" \/>\n<meta property=\"og:site_name\" content=\"Fondation Dominique &amp; Tom Alberici - OCTALFA\" \/>\n<meta property=\"article:modified_time\" content=\"2026-04-01T10:44:03+00:00\" \/>\n<meta name=\"twitter:card\" content=\"summary_large_image\" \/>\n<meta name=\"twitter:label1\" content=\"Est. reading time\" \/>\n\t<meta name=\"twitter:data1\" content=\"2 minutes\" \/>\n<script type=\"application\/ld+json\" class=\"yoast-schema-graph\">{\"@context\":\"https:\/\/schema.org\",\"@graph\":[{\"@type\":\"WebPage\",\"@id\":\"https:\/\/fondation-alberici.org\/en\/meetings-testimonies\/\",\"url\":\"https:\/\/fondation-alberici.org\/en\/meetings-testimonies\/\",\"name\":\"Meetings & Testimonies | Fondation Dominique & Tom Alberici\",\"isPartOf\":{\"@id\":\"https:\/\/fondation-alberici.org\/#website\"},\"datePublished\":\"2019-03-06T14:25:51+00:00\",\"dateModified\":\"2026-04-01T10:44:03+00:00\",\"description\":\"Informal exchanges also enabled us to forge links between the organisations we support, and hear the future requirements and needs to be taken into consideration by sponsors and Fondation Dominique & Tom Alberici.\",\"breadcrumb\":{\"@id\":\"https:\/\/fondation-alberici.org\/en\/meetings-testimonies\/#breadcrumb\"},\"inLanguage\":\"en-US\",\"potentialAction\":[{\"@type\":\"ReadAction\",\"target\":[\"https:\/\/fondation-alberici.org\/en\/meetings-testimonies\/\"]}]},{\"@type\":\"BreadcrumbList\",\"@id\":\"https:\/\/fondation-alberici.org\/en\/meetings-testimonies\/#breadcrumb\",\"itemListElement\":[{\"@type\":\"ListItem\",\"position\":1,\"name\":\"Accueil\",\"item\":\"https:\/\/fondation-alberici.org\/en\/\"},{\"@type\":\"ListItem\",\"position\":2,\"name\":\"Meetings &#038; Testimonies\"}]},{\"@type\":\"WebSite\",\"@id\":\"https:\/\/fondation-alberici.org\/#website\",\"url\":\"https:\/\/fondation-alberici.org\/\",\"name\":\"Fondation Dominique &amp; Tom Alberici - OCTALFA\",\"description\":\"Am\u00e9liorer la qualit\u00e9 de vie des personnes handicap\u00e9es et des malades souffrant de cancers. \",\"potentialAction\":[{\"@type\":\"SearchAction\",\"target\":{\"@type\":\"EntryPoint\",\"urlTemplate\":\"https:\/\/fondation-alberici.org\/?s={search_term_string}\"},\"query-input\":\"required name=search_term_string\"}],\"inLanguage\":\"en-US\"}]}<\/script>\n<!-- \/ Yoast SEO plugin. -->","yoast_head_json":{"title":"Meetings & Testimonies | Fondation Dominique & Tom Alberici","description":"Informal exchanges also enabled us to forge links between the organisations we support, and hear the future requirements and needs to be taken into consideration by sponsors and Fondation Dominique & Tom Alberici.","robots":{"index":"index","follow":"follow","max-snippet":"max-snippet:-1","max-image-preview":"max-image-preview:large","max-video-preview":"max-video-preview:-1"},"canonical":"https:\/\/fondation-alberici.org\/en\/meetings-testimonies\/","og_locale":"en_US","og_type":"article","og_title":"Meetings & Testimonies | Fondation Dominique & Tom Alberici","og_description":"Informal exchanges also enabled us to forge links between the organisations we support, and hear the future requirements and needs to be taken into consideration by sponsors and Fondation Dominique & Tom Alberici.","og_url":"https:\/\/fondation-alberici.org\/en\/meetings-testimonies\/","og_site_name":"Fondation Dominique &amp; Tom Alberici - OCTALFA","article_modified_time":"2026-04-01T10:44:03+00:00","twitter_card":"summary_large_image","twitter_misc":{"Est. reading time":"2 minutes"},"schema":{"@context":"https:\/\/schema.org","@graph":[{"@type":"WebPage","@id":"https:\/\/fondation-alberici.org\/en\/meetings-testimonies\/","url":"https:\/\/fondation-alberici.org\/en\/meetings-testimonies\/","name":"Meetings & Testimonies | Fondation Dominique & Tom Alberici","isPartOf":{"@id":"https:\/\/fondation-alberici.org\/#website"},"datePublished":"2019-03-06T14:25:51+00:00","dateModified":"2026-04-01T10:44:03+00:00","description":"Informal exchanges also enabled us to forge links between the organisations we support, and hear the future requirements and needs to be taken into consideration by sponsors and Fondation Dominique & Tom Alberici.","breadcrumb":{"@id":"https:\/\/fondation-alberici.org\/en\/meetings-testimonies\/#breadcrumb"},"inLanguage":"en-US","potentialAction":[{"@type":"ReadAction","target":["https:\/\/fondation-alberici.org\/en\/meetings-testimonies\/"]}]},{"@type":"BreadcrumbList","@id":"https:\/\/fondation-alberici.org\/en\/meetings-testimonies\/#breadcrumb","itemListElement":[{"@type":"ListItem","position":1,"name":"Accueil","item":"https:\/\/fondation-alberici.org\/en\/"},{"@type":"ListItem","position":2,"name":"Meetings &#038; Testimonies"}]},{"@type":"WebSite","@id":"https:\/\/fondation-alberici.org\/#website","url":"https:\/\/fondation-alberici.org\/","name":"Fondation Dominique &amp; Tom Alberici - OCTALFA","description":"Am\u00e9liorer la qualit\u00e9 de vie des personnes handicap\u00e9es et des malades souffrant de cancers. ","potentialAction":[{"@type":"SearchAction","target":{"@type":"EntryPoint","urlTemplate":"https:\/\/fondation-alberici.org\/?s={search_term_string}"},"query-input":"required name=search_term_string"}],"inLanguage":"en-US"}]}},"_links":{"self":[{"href":"https:\/\/fondation-alberici.org\/en\/wp-json\/wp\/v2\/pages\/1360"}],"collection":[{"href":"https:\/\/fondation-alberici.org\/en\/wp-json\/wp\/v2\/pages"}],"about":[{"href":"https:\/\/fondation-alberici.org\/en\/wp-json\/wp\/v2\/types\/page"}],"author":[{"embeddable":true,"href":"https:\/\/fondation-alberici.org\/en\/wp-json\/wp\/v2\/users\/1"}],"replies":[{"embeddable":true,"href":"https:\/\/fondation-alberici.org\/en\/wp-json\/wp\/v2\/comments?post=1360"}],"version-history":[{"count":8,"href":"https:\/\/fondation-alberici.org\/en\/wp-json\/wp\/v2\/pages\/1360\/revisions"}],"predecessor-version":[{"id":4662,"href":"https:\/\/fondation-alberici.org\/en\/wp-json\/wp\/v2\/pages\/1360\/revisions\/4662"}],"wp:attachment":[{"href":"https:\/\/fondation-alberici.org\/en\/wp-json\/wp\/v2\/media?parent=1360"}],"curies":[{"name":"wp","href":"https:\/\/api.w.org\/{rel}","templated":true}]}}