{"id":1358,"date":"2019-03-06T17:24:08","date_gmt":"2019-03-06T16:24:08","guid":{"rendered":"https:\/\/fondation-alberici.org\/faire-un-don\/"},"modified":"2025-07-17T14:33:19","modified_gmt":"2025-07-17T12:33:19","slug":"donate","status":"publish","type":"page","link":"https:\/\/fondation-alberici.org\/en\/donate\/","title":{"rendered":"Donate"},"content":{"rendered":"<div class=\"wpb-content-wrapper\"><p>[vc_row gap=&#8221;35&#8243; equal_height=&#8221;yes&#8221; content_placement=&#8221;middle&#8221; css=&#8221;.vc_custom_1551880409982{padding-bottom: 35px !important;}&#8221;][vc_column offset=&#8221;vc_col-lg-8 vc_col-md-8 vc_col-xs-12&#8243;]<div id=\"ultimate-heading-965169e764792d615\" class=\"uvc-heading ult-adjust-bottom-margin ultimate-heading-965169e764792d615 uvc-8857  uvc-heading-default-font-sizes\" data-hspacer=\"image_only\"  data-halign=\"left\" style=\"text-align:left\"><div class=\"uvc-main-heading ult-responsive\"  data-ultimate-target='.uvc-heading.ultimate-heading-965169e764792d615 h2'  data-responsive-json-new='{\"font-size\":\"\",\"line-height\":\"\"}' ><h2 style=\"--font-weight:theme;\">Want to make a donation?<\/h2><\/div><div class=\"uvc-heading-spacer image_only\" style=\"top\"><img decoding=\"async\" src=\"https:\/\/fondation-alberici.org\/wp-content\/uploads\/2019\/02\/barre-orange.png\" class=\"ultimate-headings-icon-image\" alt=\"barre sous titre orange\" style=\"width:48px\"\/><\/div><\/div>[vc_column_text]By making a donation to the Institut Dominique &amp; Tom Alberici Endowment Fund, French tax residents will be entitled to a tax reduction amounting to <strong>66% of their donation<\/strong>, to a maximum of 20% of their net taxable income.<\/p>\n<p>By way of an example a \u20ac100 donation will actually cost just \u20ac34.<\/p>\n<p>In France, companies will benefit from a tax reduction amounting to <strong>60% of their donation<\/strong>, within the limit of<br \/>\n5 \u2030 of their annual turnover before tax.<\/p>\n<p>A tax receipt will be sent to the address provided.[\/vc_column_text]<div class=\" ubtn-ctn-left \"><a class=\"ubtn-link ult-adjust-bottom-margin ubtn-left ubtn-normal \" href=\"https:\/\/jepaieenligne.systempay.fr\/FONDSDEDOTATIONIDTA\" target=\"_blank\" rel=\"noopener\" ><button type=\"button\" id=\"ubtn-2824\"  class=\"ubtn ult-adjust-bottom-margin ult-responsive ubtn-normal ubtn-no-hover-bg  none  ubtn-left   tooltip-69e764792d654\"  data-hover=\"#ffffff\" data-border-color=\"\" data-bg=\"#eb800e\" data-hover-bg=\"#094784\" data-border-hover=\"\" data-shadow-hover=\"\" data-shadow-click=\"none\" data-shadow=\"\" data-shd-shadow=\"\"  data-ultimate-target='#ubtn-2824'  data-responsive-json-new='{\"font-size\":\"\",\"line-height\":\"\"}'  style=\"font-weight:normal;border:none;background: #eb800e;color: #ffffff;\"><span class=\"ubtn-hover\" style=\"background-color:#094784\"><\/span><span class=\"ubtn-data ubtn-text \" >Donate<\/span><\/button><\/a><\/div>[\/vc_column][\/vc_row][vc_row][vc_column][\/vc_column][\/vc_row][vc_row full_width=&#8221;stretch_row&#8221; bg_type=&#8221;image&#8221; parallax_style=&#8221;vcpb-default&#8221; bg_image_new=&#8221;id^144|url^https:\/\/fondation-alberici.org\/wp-content\/uploads\/2019\/03\/fond-bandeau-contact.png|caption^null|alt^fond-bandeau-contact|title^fond-bandeau-contact|description^null&#8221; bg_image_repeat=&#8221;no-repeat&#8221; bg_override=&#8221;ex-full&#8221; el_id=&#8221;contact&#8221;][vc_column css=&#8221;.vc_custom_1552387949688{margin-top: 0px !important;padding-top: 200px !important;}&#8221;]<div id=\"ultimate-heading-70469e764792d6a8\" class=\"uvc-heading ult-adjust-bottom-margin ultimate-heading-70469e764792d6a8 uvc-1797  uvc-heading-default-font-sizes\" data-hspacer=\"image_only\"  data-halign=\"center\" style=\"text-align:center\"><div class=\"uvc-main-heading ult-responsive\"  data-ultimate-target='.uvc-heading.ultimate-heading-70469e764792d6a8 h2'  data-responsive-json-new='{\"font-size\":\"\",\"line-height\":\"\"}' ><h2 style=\"--font-weight:theme;color:#ffffff;margin-bottom:20px;\">Do not hesitate to contact us if you want to know more!<\/h2><\/div><div class=\"uvc-heading-spacer image_only\" style=\"top\"><img decoding=\"async\" src=\"\" class=\"ultimate-headings-icon-image\" alt=\"\" style=\"width:36px\"\/><\/div><\/div>[vc_row_inner][vc_column_inner width=&#8221;1\/2&#8243; offset=&#8221;vc_col-lg-offset-3 vc_col-lg-3 vc_col-md-offset-1 vc_col-md-5 vc_col-xs-12&#8243;][vc_icon icon_fontawesome=&#8221;fa fa-phone&#8221; color=&#8221;custom&#8221; size=&#8221;sm&#8221; custom_color=&#8221;#ffffff&#8221; el_class=&#8221;tel&#8221;][vc_column_text el_class=&#8221;tel&#8221; css=&#8221;.vc_custom_1551888104300{padding-top: 15px !important;}&#8221;]<\/p>\n<p style=\"text-align: left;\">+33 (0)4 37 49 87 20<\/p>\n<p>[\/vc_column_text][\/vc_column_inner][vc_column_inner width=&#8221;1\/2&#8243; offset=&#8221;vc_col-lg-3 vc_col-md-offset-0 vc_col-md-6 vc_col-xs-12&#8243;][vc_icon icon_fontawesome=&#8221;fa fa-envelope&#8221; color=&#8221;custom&#8221; size=&#8221;sm&#8221; custom_color=&#8221;#ffffff&#8221; el_class=&#8221;mail&#8221;][vc_column_text el_class=&#8221;mail&#8221; css=&#8221;.vc_custom_1752755531876{padding-top: 15px !important;}&#8221;]<\/p>\n<p style=\"text-align: left;\"><a href=\"mailto:initiative@octalfa.eu\">fondation-alberici@octalfa.eu<\/a><\/p>\n<p>[\/vc_column_text][\/vc_column_inner][\/vc_row_inner][\/vc_column][\/vc_row]<\/p>\n<\/div>","protected":false},"excerpt":{"rendered":"<p>[vc_row gap=&#8221;35&#8243; equal_height=&#8221;yes&#8221; content_placement=&#8221;middle&#8221; css=&#8221;.vc_custom_1551880409982{padding-bottom: 35px !important;}&#8221;][vc_column offset=&#8221;vc_col-lg-8 vc_col-md-8 vc_col-xs-12&#8243;][vc_column_text]By making a donation to the Institut Dominique &amp; Tom Alberici&hellip;<\/p>\n","protected":false},"author":1,"featured_media":0,"parent":0,"menu_order":0,"comment_status":"closed","ping_status":"closed","template":"","meta":{"footnotes":""},"acf":[],"yoast_head":"<!-- This site is optimized with the Yoast SEO plugin v21.8.1 - https:\/\/yoast.com\/wordpress\/plugins\/seo\/ -->\n<title>Donate | Fondation Dominique &amp; Tom Alberici<\/title>\n<meta name=\"description\" content=\"Want to make a donation?By making a donation to the Institut Dominique &amp; Tom Alberici Endowment Fund, you will be entitled to a tax reduction amounting to 66% of your donation, to a maximum of 20% of your net taxable income.\" \/>\n<meta name=\"robots\" content=\"index, follow, max-snippet:-1, max-image-preview:large, max-video-preview:-1\" \/>\n<link rel=\"canonical\" href=\"https:\/\/fondation-alberici.org\/en\/donate\/\" \/>\n<meta property=\"og:locale\" content=\"en_US\" \/>\n<meta property=\"og:type\" content=\"article\" \/>\n<meta property=\"og:title\" content=\"Donate | Fondation Dominique &amp; Tom Alberici\" \/>\n<meta property=\"og:description\" content=\"Want to make a donation?By making a donation to the Institut Dominique &amp; Tom Alberici Endowment Fund, you will be entitled to a tax reduction amounting to 66% of your donation, to a maximum of 20% of your net taxable income.\" \/>\n<meta property=\"og:url\" content=\"https:\/\/fondation-alberici.org\/en\/donate\/\" \/>\n<meta property=\"og:site_name\" content=\"Fondation Dominique &amp; Tom Alberici - OCTALFA\" \/>\n<meta property=\"article:modified_time\" content=\"2025-07-17T12:33:19+00:00\" \/>\n<meta name=\"twitter:card\" content=\"summary_large_image\" \/>\n<meta name=\"twitter:label1\" content=\"Est. reading time\" \/>\n\t<meta name=\"twitter:data1\" content=\"1 minute\" \/>\n<script type=\"application\/ld+json\" class=\"yoast-schema-graph\">{\"@context\":\"https:\/\/schema.org\",\"@graph\":[{\"@type\":\"WebPage\",\"@id\":\"https:\/\/fondation-alberici.org\/en\/donate\/\",\"url\":\"https:\/\/fondation-alberici.org\/en\/donate\/\",\"name\":\"Donate | Fondation Dominique & Tom Alberici\",\"isPartOf\":{\"@id\":\"https:\/\/fondation-alberici.org\/#website\"},\"datePublished\":\"2019-03-06T16:24:08+00:00\",\"dateModified\":\"2025-07-17T12:33:19+00:00\",\"description\":\"Want to make a donation?By making a donation to the Institut Dominique & Tom Alberici Endowment Fund, you will be entitled to a tax reduction amounting to 66% of your donation, to a maximum of 20% of your net taxable income.\",\"breadcrumb\":{\"@id\":\"https:\/\/fondation-alberici.org\/en\/donate\/#breadcrumb\"},\"inLanguage\":\"en-US\",\"potentialAction\":[{\"@type\":\"ReadAction\",\"target\":[\"https:\/\/fondation-alberici.org\/en\/donate\/\"]}]},{\"@type\":\"BreadcrumbList\",\"@id\":\"https:\/\/fondation-alberici.org\/en\/donate\/#breadcrumb\",\"itemListElement\":[{\"@type\":\"ListItem\",\"position\":1,\"name\":\"Accueil\",\"item\":\"https:\/\/fondation-alberici.org\/en\/\"},{\"@type\":\"ListItem\",\"position\":2,\"name\":\"Donate\"}]},{\"@type\":\"WebSite\",\"@id\":\"https:\/\/fondation-alberici.org\/#website\",\"url\":\"https:\/\/fondation-alberici.org\/\",\"name\":\"Fondation Dominique &amp; Tom Alberici - OCTALFA\",\"description\":\"Am\u00e9liorer la qualit\u00e9 de vie des personnes handicap\u00e9es et des malades souffrant de cancers. \",\"potentialAction\":[{\"@type\":\"SearchAction\",\"target\":{\"@type\":\"EntryPoint\",\"urlTemplate\":\"https:\/\/fondation-alberici.org\/?s={search_term_string}\"},\"query-input\":\"required name=search_term_string\"}],\"inLanguage\":\"en-US\"}]}<\/script>\n<!-- \/ Yoast SEO plugin. -->","yoast_head_json":{"title":"Donate | Fondation Dominique & Tom Alberici","description":"Want to make a donation?By making a donation to the Institut Dominique & Tom Alberici Endowment Fund, you will be entitled to a tax reduction amounting to 66% of your donation, to a maximum of 20% of your net taxable income.","robots":{"index":"index","follow":"follow","max-snippet":"max-snippet:-1","max-image-preview":"max-image-preview:large","max-video-preview":"max-video-preview:-1"},"canonical":"https:\/\/fondation-alberici.org\/en\/donate\/","og_locale":"en_US","og_type":"article","og_title":"Donate | Fondation Dominique & Tom Alberici","og_description":"Want to make a donation?By making a donation to the Institut Dominique & Tom Alberici Endowment Fund, you will be entitled to a tax reduction amounting to 66% of your donation, to a maximum of 20% of your net taxable income.","og_url":"https:\/\/fondation-alberici.org\/en\/donate\/","og_site_name":"Fondation Dominique &amp; Tom Alberici - OCTALFA","article_modified_time":"2025-07-17T12:33:19+00:00","twitter_card":"summary_large_image","twitter_misc":{"Est. reading time":"1 minute"},"schema":{"@context":"https:\/\/schema.org","@graph":[{"@type":"WebPage","@id":"https:\/\/fondation-alberici.org\/en\/donate\/","url":"https:\/\/fondation-alberici.org\/en\/donate\/","name":"Donate | Fondation Dominique & Tom Alberici","isPartOf":{"@id":"https:\/\/fondation-alberici.org\/#website"},"datePublished":"2019-03-06T16:24:08+00:00","dateModified":"2025-07-17T12:33:19+00:00","description":"Want to make a donation?By making a donation to the Institut Dominique & Tom Alberici Endowment Fund, you will be entitled to a tax reduction amounting to 66% of your donation, to a maximum of 20% of your net taxable income.","breadcrumb":{"@id":"https:\/\/fondation-alberici.org\/en\/donate\/#breadcrumb"},"inLanguage":"en-US","potentialAction":[{"@type":"ReadAction","target":["https:\/\/fondation-alberici.org\/en\/donate\/"]}]},{"@type":"BreadcrumbList","@id":"https:\/\/fondation-alberici.org\/en\/donate\/#breadcrumb","itemListElement":[{"@type":"ListItem","position":1,"name":"Accueil","item":"https:\/\/fondation-alberici.org\/en\/"},{"@type":"ListItem","position":2,"name":"Donate"}]},{"@type":"WebSite","@id":"https:\/\/fondation-alberici.org\/#website","url":"https:\/\/fondation-alberici.org\/","name":"Fondation Dominique &amp; Tom Alberici - OCTALFA","description":"Am\u00e9liorer la qualit\u00e9 de vie des personnes handicap\u00e9es et des malades souffrant de cancers. ","potentialAction":[{"@type":"SearchAction","target":{"@type":"EntryPoint","urlTemplate":"https:\/\/fondation-alberici.org\/?s={search_term_string}"},"query-input":"required name=search_term_string"}],"inLanguage":"en-US"}]}},"_links":{"self":[{"href":"https:\/\/fondation-alberici.org\/en\/wp-json\/wp\/v2\/pages\/1358"}],"collection":[{"href":"https:\/\/fondation-alberici.org\/en\/wp-json\/wp\/v2\/pages"}],"about":[{"href":"https:\/\/fondation-alberici.org\/en\/wp-json\/wp\/v2\/types\/page"}],"author":[{"embeddable":true,"href":"https:\/\/fondation-alberici.org\/en\/wp-json\/wp\/v2\/users\/1"}],"replies":[{"embeddable":true,"href":"https:\/\/fondation-alberici.org\/en\/wp-json\/wp\/v2\/comments?post=1358"}],"version-history":[{"count":7,"href":"https:\/\/fondation-alberici.org\/en\/wp-json\/wp\/v2\/pages\/1358\/revisions"}],"predecessor-version":[{"id":4292,"href":"https:\/\/fondation-alberici.org\/en\/wp-json\/wp\/v2\/pages\/1358\/revisions\/4292"}],"wp:attachment":[{"href":"https:\/\/fondation-alberici.org\/en\/wp-json\/wp\/v2\/media?parent=1358"}],"curies":[{"name":"wp","href":"https:\/\/api.w.org\/{rel}","templated":true}]}}