{"id":1357,"date":"2019-03-07T14:22:06","date_gmt":"2019-03-07T13:22:06","guid":{"rendered":"https:\/\/fondation-alberici.org\/contact\/"},"modified":"2025-09-24T15:29:58","modified_gmt":"2025-09-24T13:29:58","slug":"contact","status":"publish","type":"page","link":"https:\/\/fondation-alberici.org\/en\/contact\/","title":{"rendered":"Contact"},"content":{"rendered":"<div class=\"wpb-content-wrapper\"><p>[vc_row gap=&#8221;35&#8243; equal_height=&#8221;yes&#8221; content_placement=&#8221;top&#8221; css=&#8221;.vc_custom_1552057986563{padding-bottom: 35px !important;}&#8221;][vc_column offset=&#8221;vc_col-lg-8 vc_col-md-8 vc_col-xs-12&#8243;]<div id=\"ultimate-heading-467569e764dcc8196\" class=\"uvc-heading ult-adjust-bottom-margin ultimate-heading-467569e764dcc8196 uvc-6981  uvc-heading-default-font-sizes\" data-hspacer=\"image_only\"  data-halign=\"left\" style=\"text-align:left\"><div class=\"uvc-main-heading ult-responsive\"  data-ultimate-target='.uvc-heading.ultimate-heading-467569e764dcc8196 h2'  data-responsive-json-new='{\"font-size\":\"\",\"line-height\":\"\"}' ><h2 style=\"--font-weight:theme;\">Want to contact us?<\/h2><\/div><div class=\"uvc-heading-spacer image_only\" style=\"top\"><img decoding=\"async\" src=\"https:\/\/fondation-alberici.org\/wp-content\/uploads\/2019\/02\/barre-orange.png\" class=\"ultimate-headings-icon-image\" alt=\"barre sous titre orange\" style=\"width:48px\"\/><\/div><\/div>[\/vc_column][vc_column offset=&#8221;vc_col-lg-4 vc_col-md-4 vc_col-xs-12&#8243;][vc_column_text]<\/p>\n<h3>Address<\/h3>\n<p>2 impasse Pierre Baizet<br \/>\nF-69009 LYON<\/p>\n<h3>Contact us<\/h3>\n<p>Phone: +33 (0)4 37 49 87 20<br \/>\nMail: fondation-alberici@octalfa.eu[\/vc_column_text][\/vc_column][\/vc_row][vc_row][vc_column][vc_gmaps link=&#8221;#E-8_JTNDaWZyYW1lJTIwc3JjJTNEJTIyaHR0cHMlM0ElMkYlMkZ3d3cuZ29vZ2xlLmNvbSUyRm1hcHMlMkZlbWJlZCUzRnBiJTNEJTIxMW0xOCUyMTFtMTIlMjExbTMlMjExZDI3ODIuMTM5MzU1MDk2MjY4NCUyMTJkNC44MDcwOTU5NzczNjcwMiUyMTNkNDUuNzg4NDM1ODExNzQ1MTUlMjEybTMlMjExZjAlMjEyZjAlMjEzZjAlMjEzbTIlMjExaTEwMjQlMjEyaTc2OCUyMTRmMTMuMSUyMTNtMyUyMTFtMiUyMTFzMHg0N2Y0ZWI0MGQ1ZDJmMDFmJTI1M0EweGZkZWJjODA4YTExOWFiM2MlMjEyczIlMjUyMEltcC4lMjUyMFBpZXJyZSUyNTIwQmFpemV0JTI1MkMlMjUyMDY5MDA5JTI1MjBMeW9uJTIxNWUwJTIxM20yJTIxMXNmciUyMTJzZnIlMjE0djE3NTMzNDQ5MTE0NzAlMjE1bTIlMjExc2ZyJTIxMnNmciUyMiUyMHdpZHRoJTNEJTIyNjAwJTIyJTIwaGVpZ2h0JTNEJTIyNDUwJTIyJTIwc3R5bGUlM0QlMjJib3JkZXIlM0EwJTNCJTIyJTIwYWxsb3dmdWxsc2NyZWVuJTNEJTIyJTIyJTIwbG9hZGluZyUzRCUyMmxhenklMjIlMjByZWZlcnJlcnBvbGljeSUzRCUyMm5vLXJlZmVycmVyLXdoZW4tZG93bmdyYWRlJTIyJTNFJTNDJTJGaWZyYW1lJTNF&#8221;][\/vc_column][\/vc_row]<\/p>\n<\/div>","protected":false},"excerpt":{"rendered":"<p>[vc_row gap=&#8221;35&#8243; equal_height=&#8221;yes&#8221; content_placement=&#8221;top&#8221; css=&#8221;.vc_custom_1552057986563{padding-bottom: 35px !important;}&#8221;][vc_column offset=&#8221;vc_col-lg-8 vc_col-md-8 vc_col-xs-12&#8243;][\/vc_column][vc_column offset=&#8221;vc_col-lg-4 vc_col-md-4 vc_col-xs-12&#8243;][vc_column_text] Address 2 impasse Pierre Baizet F-69009 LYON&hellip;<\/p>\n","protected":false},"author":1,"featured_media":0,"parent":0,"menu_order":0,"comment_status":"closed","ping_status":"closed","template":"","meta":{"footnotes":""},"acf":[],"yoast_head":"<!-- This site is optimized with the Yoast SEO plugin v21.8.1 - https:\/\/yoast.com\/wordpress\/plugins\/seo\/ -->\n<title>Contact | Fondation Dominique &amp; Tom Alberici<\/title>\n<meta name=\"description\" content=\"Want to contact us?\" \/>\n<meta name=\"robots\" content=\"index, follow, max-snippet:-1, max-image-preview:large, max-video-preview:-1\" \/>\n<link rel=\"canonical\" href=\"https:\/\/fondation-alberici.org\/en\/contact\/\" \/>\n<meta property=\"og:locale\" content=\"en_US\" \/>\n<meta property=\"og:type\" content=\"article\" \/>\n<meta property=\"og:title\" content=\"Contact | Fondation Dominique &amp; Tom Alberici\" \/>\n<meta property=\"og:description\" content=\"Want to contact us?\" \/>\n<meta property=\"og:url\" content=\"https:\/\/fondation-alberici.org\/en\/contact\/\" \/>\n<meta property=\"og:site_name\" content=\"Fondation Dominique &amp; Tom Alberici - OCTALFA\" \/>\n<meta property=\"article:modified_time\" content=\"2025-09-24T13:29:58+00:00\" \/>\n<meta name=\"twitter:card\" content=\"summary_large_image\" \/>\n<meta name=\"twitter:label1\" content=\"Est. reading time\" \/>\n\t<meta name=\"twitter:data1\" content=\"1 minute\" \/>\n<script type=\"application\/ld+json\" class=\"yoast-schema-graph\">{\"@context\":\"https:\/\/schema.org\",\"@graph\":[{\"@type\":\"WebPage\",\"@id\":\"https:\/\/fondation-alberici.org\/en\/contact\/\",\"url\":\"https:\/\/fondation-alberici.org\/en\/contact\/\",\"name\":\"Contact | Fondation Dominique & Tom Alberici\",\"isPartOf\":{\"@id\":\"https:\/\/fondation-alberici.org\/#website\"},\"datePublished\":\"2019-03-07T13:22:06+00:00\",\"dateModified\":\"2025-09-24T13:29:58+00:00\",\"description\":\"Want to contact us?\",\"breadcrumb\":{\"@id\":\"https:\/\/fondation-alberici.org\/en\/contact\/#breadcrumb\"},\"inLanguage\":\"en-US\",\"potentialAction\":[{\"@type\":\"ReadAction\",\"target\":[\"https:\/\/fondation-alberici.org\/en\/contact\/\"]}]},{\"@type\":\"BreadcrumbList\",\"@id\":\"https:\/\/fondation-alberici.org\/en\/contact\/#breadcrumb\",\"itemListElement\":[{\"@type\":\"ListItem\",\"position\":1,\"name\":\"Accueil\",\"item\":\"https:\/\/fondation-alberici.org\/en\/\"},{\"@type\":\"ListItem\",\"position\":2,\"name\":\"Contact\"}]},{\"@type\":\"WebSite\",\"@id\":\"https:\/\/fondation-alberici.org\/#website\",\"url\":\"https:\/\/fondation-alberici.org\/\",\"name\":\"Fondation Dominique &amp; Tom Alberici - OCTALFA\",\"description\":\"Am\u00e9liorer la qualit\u00e9 de vie des personnes handicap\u00e9es et des malades souffrant de cancers. \",\"potentialAction\":[{\"@type\":\"SearchAction\",\"target\":{\"@type\":\"EntryPoint\",\"urlTemplate\":\"https:\/\/fondation-alberici.org\/?s={search_term_string}\"},\"query-input\":\"required name=search_term_string\"}],\"inLanguage\":\"en-US\"}]}<\/script>\n<!-- \/ Yoast SEO plugin. -->","yoast_head_json":{"title":"Contact | Fondation Dominique & Tom Alberici","description":"Want to contact us?","robots":{"index":"index","follow":"follow","max-snippet":"max-snippet:-1","max-image-preview":"max-image-preview:large","max-video-preview":"max-video-preview:-1"},"canonical":"https:\/\/fondation-alberici.org\/en\/contact\/","og_locale":"en_US","og_type":"article","og_title":"Contact | Fondation Dominique & Tom Alberici","og_description":"Want to contact us?","og_url":"https:\/\/fondation-alberici.org\/en\/contact\/","og_site_name":"Fondation Dominique &amp; Tom Alberici - OCTALFA","article_modified_time":"2025-09-24T13:29:58+00:00","twitter_card":"summary_large_image","twitter_misc":{"Est. reading time":"1 minute"},"schema":{"@context":"https:\/\/schema.org","@graph":[{"@type":"WebPage","@id":"https:\/\/fondation-alberici.org\/en\/contact\/","url":"https:\/\/fondation-alberici.org\/en\/contact\/","name":"Contact | Fondation Dominique & Tom Alberici","isPartOf":{"@id":"https:\/\/fondation-alberici.org\/#website"},"datePublished":"2019-03-07T13:22:06+00:00","dateModified":"2025-09-24T13:29:58+00:00","description":"Want to contact us?","breadcrumb":{"@id":"https:\/\/fondation-alberici.org\/en\/contact\/#breadcrumb"},"inLanguage":"en-US","potentialAction":[{"@type":"ReadAction","target":["https:\/\/fondation-alberici.org\/en\/contact\/"]}]},{"@type":"BreadcrumbList","@id":"https:\/\/fondation-alberici.org\/en\/contact\/#breadcrumb","itemListElement":[{"@type":"ListItem","position":1,"name":"Accueil","item":"https:\/\/fondation-alberici.org\/en\/"},{"@type":"ListItem","position":2,"name":"Contact"}]},{"@type":"WebSite","@id":"https:\/\/fondation-alberici.org\/#website","url":"https:\/\/fondation-alberici.org\/","name":"Fondation Dominique &amp; Tom Alberici - OCTALFA","description":"Am\u00e9liorer la qualit\u00e9 de vie des personnes handicap\u00e9es et des malades souffrant de cancers. ","potentialAction":[{"@type":"SearchAction","target":{"@type":"EntryPoint","urlTemplate":"https:\/\/fondation-alberici.org\/?s={search_term_string}"},"query-input":"required name=search_term_string"}],"inLanguage":"en-US"}]}},"_links":{"self":[{"href":"https:\/\/fondation-alberici.org\/en\/wp-json\/wp\/v2\/pages\/1357"}],"collection":[{"href":"https:\/\/fondation-alberici.org\/en\/wp-json\/wp\/v2\/pages"}],"about":[{"href":"https:\/\/fondation-alberici.org\/en\/wp-json\/wp\/v2\/types\/page"}],"author":[{"embeddable":true,"href":"https:\/\/fondation-alberici.org\/en\/wp-json\/wp\/v2\/users\/1"}],"replies":[{"embeddable":true,"href":"https:\/\/fondation-alberici.org\/en\/wp-json\/wp\/v2\/comments?post=1357"}],"version-history":[{"count":9,"href":"https:\/\/fondation-alberici.org\/en\/wp-json\/wp\/v2\/pages\/1357\/revisions"}],"predecessor-version":[{"id":4342,"href":"https:\/\/fondation-alberici.org\/en\/wp-json\/wp\/v2\/pages\/1357\/revisions\/4342"}],"wp:attachment":[{"href":"https:\/\/fondation-alberici.org\/en\/wp-json\/wp\/v2\/media?parent=1357"}],"curies":[{"name":"wp","href":"https:\/\/api.w.org\/{rel}","templated":true}]}}