{"id":1356,"date":"2019-03-13T10:56:00","date_gmt":"2019-03-13T09:56:00","guid":{"rendered":"https:\/\/fondation-alberici.org\/politique-de-confidentialite\/"},"modified":"2025-07-17T14:45:44","modified_gmt":"2025-07-17T12:45:44","slug":"politique-de-confidentialite","status":"publish","type":"page","link":"https:\/\/fondation-alberici.org\/en\/politique-de-confidentialite\/","title":{"rendered":"Politique de confidentialit\u00e9"},"content":{"rendered":"<div class=\"wpb-content-wrapper\"><p>[vc_row][vc_column][vc_column_text]Lors de la consultation de notre site initiative-octalfa.eu, des informations sont susceptibles d\u2019\u00eatre enregistr\u00e9es dans des fichiers \u00ab Cookies \u00bb install\u00e9s dans votre ordinateur, tablette ou t\u00e9l\u00e9phone mobile. Cette page permet de comprendre ce qu\u2019est un Cookie, \u00e0 quoi il sert et comment on peut le param\u00e9trer.<\/p>\n<h2>QU\u2019EST-CE QU\u2019UN COOKIE ?<\/h2>\n<p>Il s\u2019agit d\u2019un fichier texte d\u00e9pos\u00e9 dans un espace d\u00e9di\u00e9 du disque dur de votre terminal (ordinateur, tablette, t\u00e9l\u00e9phone mobile ou tout autre appareil optimis\u00e9 pour Internet), lors de la consultation d\u2019un contenu ou d\u2019une publicit\u00e9 en ligne. Ce fichier Cookie ne peut \u00eatre lu que par son \u00e9metteur. Il permet, \u00e0 son \u00e9metteur, pendant sa dur\u00e9e de validit\u00e9, de reconna\u00eetre le terminal concern\u00e9 \u00e0 chaque fois que ce terminal acc\u00e8de \u00e0 un contenu num\u00e9rique comportant des Cookies du m\u00eame \u00e9metteur. Le Cookie ne vous identifie pas personnellement, mais uniquement le navigateur de votre terminal.<\/p>\n<h2>\u00c0 QUOI SERVENT LES COOKIES ?<\/h2>\n<p>Quatre types de Cookies, r\u00e9pondant aux finalit\u00e9s d\u00e9crites ci-dessous, peuvent ainsi \u00eatre enregistr\u00e9s dans votre terminal \u00e0 l\u2019occasion d\u2019une visite de notre site :<\/p>\n<p>1. Les Cookies techniques sont n\u00e9cessaires \u00e0 la navigation dans notre site, ainsi qu\u2019\u00e0 l\u2019acc\u00e8s aux diff\u00e9rents produits et services. Les Cookies techniques permettent en particulier de vous reconna\u00eetre, de signaler votre passage sur telle ou telle page et ainsi d\u2019am\u00e9liorer votre confort de navigation : adapter la pr\u00e9sentation du site aux pr\u00e9f\u00e9rences d\u2019affichage de votre terminal (langue utilis\u00e9e, r\u00e9solution d\u2019affichage), m\u00e9moriser les mots de passe et autres informations relatives \u00e0 un formulaire que vous avez rempli sur le site (inscription ou acc\u00e8s \u00e0 l\u2019espace adh\u00e9rents). Les Cookies techniques permettent \u00e9galement de mettre en \u0153uvre des mesures de s\u00e9curit\u00e9 (c\u2019est le cas par exemple lorsqu\u2019il vous est demand\u00e9 de vous connecter \u00e0 nouveau \u00e0 l\u2019espace adh\u00e9rent apr\u00e8s un certain laps de temps). Ces Cookies ne peuvent pas \u00eatre d\u00e9sactiv\u00e9s ou param\u00e9tr\u00e9s sous peine de ne plus pouvoir acc\u00e9der au site et\/ou aux services du site.<\/p>\n<p>4. Les Cookies \u00ab R\u00e9seaux sociaux \u00bb permettent de partager des contenus de notre site avec d\u2019autres personnes ou de faire conna\u00eetre \u00e0 ces autres personnes votre consultation ou votre opinion concernant un contenu du site. Tel est, notamment, le cas des boutons \u00ab partager \u00bb, \u00ab j\u2019aime \u00bb, issus de r\u00e9seaux sociaux \u00ab facebook \u00bb ou \u00ab twitter \u00bb. Le r\u00e9seau social fournissant un tel bouton applicatif est susceptible de vous identifier gr\u00e2ce \u00e0 ce bouton, m\u00eame si vous ne l\u2019avez pas utilis\u00e9 lors de la consultation de notre site. Nous vous invitons \u00e0 consulter les politiques de protection de la vie priv\u00e9e de ces r\u00e9seaux sociaux afin de prendre connaissance des finalit\u00e9s d\u2019utilisation, notamment publicitaires, des informations de navigation qu\u2019ils peuvent recueillir gr\u00e2ce \u00e0 ces boutons applicatifs. La dur\u00e9e de vie de ces Cookies n\u2019exc\u00e8de pas 13 mois.<\/p>\n<h2>VOS CHOIX CONCERNANT LES COOKIES<\/h2>\n<p>En utilisant notre site, vous consentez \u00e0 l\u2019utilisation des Cookies pr\u00e9cit\u00e9s. Vous pouvez toutefois choisir \u00e0 tout moment de d\u00e9sactiver tout ou une partie de ces Cookies, \u00e0 l\u2019exception des Cookies techniques n\u00e9cessaires au fonctionnement du site comme indiqu\u00e9 ci-dessus. Votre navigateur peut \u00e9galement \u00eatre param\u00e9tr\u00e9 pour vous signaler les Cookies qui sont d\u00e9pos\u00e9s dans votre terminal et vous demander de les accepter ou pas.<\/p>\n<h2>1. Refuser un Cookie par l\u2019interm\u00e9diaire de votre logiciel de navigation<\/h2>\n<p>Vous pouvez \u00e0 tout moment choisir de d\u00e9sactiver tout ou partie des Cookies. Votre navigateur peut \u00e9galement \u00eatre param\u00e9tr\u00e9 pour vous signaler les Cookies d\u00e9pos\u00e9s dans votre terminal et vous demander de les accepter ou non (au cas par cas ou en totalit\u00e9). Nous vous rappelons toutefois que la d\u00e9sactivation de tous les Cookies vous emp\u00eachera d\u2019utiliser notre site dans des conditions normales, \u00e0 l\u2019exception des fonctions basiques.<\/p>\n<p>Si vous utilisez le navigateur Explorer : cliquez sur le bouton Outils, puis Options Internet. Sous l\u2019onglet g\u00e9n\u00e9ral, Historique de navigation, cliquez sur Param\u00e8tres. Puis cliquez sur Afficher les fichiers et s\u00e9lectionnez le ou les Cookies que vous souhaitez d\u00e9sactiver. Fermez ensuite la fen\u00eatre qui contient cette liste de Cookies et cliquez deux fois sur OK pour retourner sur Internet.<\/p>\n<p>Si vous utilisez le navigateur Firefox : cliquez sur l\u2019ic\u00f4ne du Menu Firefox, puis sur le bouton Outils, puis Options ; dans la fen\u00eatre qui s\u2019affiche, choisissez Vie Priv\u00e9e et cliquez sur Supprimez Cookies Sp\u00e9cifiques. S\u00e9lectionnez les Cookies que vous souhaitez d\u00e9sactiver puis supprimez-les.<\/p>\n<p>Si vous utilisez le navigateur Safari : cliquez sur le bouton Param\u00e8tres, puis Pr\u00e9f\u00e9rences. Dans la fen\u00eatre qui s\u2019affiche, choisissez Confidentialit\u00e9\/S\u00e9curit\u00e9, et cliquez sur Afficher les Cookies. S\u00e9lectionnez les Cookies que vous souhaitez d\u00e9sactiver puis clic sur Effacer ou sur Tout effacer.<\/p>\n<p>Si vous utilisez le navigateur Chrome : cliquez sur l\u2019ic\u00f4ne du menu Google Chrome, puis Param\u00e8tres. Au bas de la page, cliquez sur Afficher les param\u00e8tres avanc\u00e9s. Dans la section Confidentialit\u00e9, cliquez sur Param\u00e8tre de contenus. Pour d\u00e9sactiver les cookies :<\/p>\n<p>s\u00e9lectionnez Interdire \u00e0 tous les sites de stocker des donn\u00e9es<br \/>\ncliquez sur Cookies et donn\u00e9es de site, puis passez la souris sur le site ayant cr\u00e9\u00e9 le Cookie, et cliquez sur X dans l\u2019angle droit, ou cliquez sur Tout supprimer.<br \/>\n2. Refuser un Cookie \u00e9mis par un r\u00e9seau social : Si vous ne souhaitez pas que notre site enregistre des Cookies dans votre navigateur \u00e0 cette fin, vous pouvez cliquer sur les liens de d\u00e9sactivation suivants qui enregistreront au sein de votre navigateur un Cookie ayant pour unique objet de neutraliser l\u2019utilisation des autres cookies provenant d\u2019un m\u00eame \u00e9metteur. D\u00e9sactiver ces Cookies emp\u00eachera donc toute interaction avec le ou les r\u00e9seaux sociaux concern\u00e9s :<\/p>\n<p>FACEBOOK : https:\/\/www.facebook.com\/help\/360595310676682\/<br \/>\nTWITTER : https:\/\/support.twitter.com\/articles\/20171379-twitter-prend-en-charge-la-desactivation-du-suivi-dnt#<br \/>\nGOOGLE + : https:\/\/support.google.com\/accounts\/answer\/61416?hl=fr<br \/>\nLINKEDIN : http:\/\/www.linkedin.com\/legal\/cookie-policy<br \/>\nYAHOO : https:\/\/info.yahoo.com\/privacy\/us\/yahoo\/cookies\/<br \/>\nYOUTUBE : https:\/\/support.google.com\/accounts\/answer\/61416?hl=fr<br \/>\nAttention, la prise en compte de vos diff\u00e9rents souhaits repose sur un Cookie ou plusieurs Cookies d\u00e9termin\u00e9s. Si vous supprimez tous les Cookies enregistr\u00e9s au sein de votre terminal concernant notre site, nous ne saurons plus quel consentement ou quel refus vous avez \u00e9mis. Cela reviendra donc \u00e0 r\u00e9initialiser votre consentement et vous devrez donc \u00e0 nouveau refuser le ou les Cookies que vous ne souhaitez pas conserver. De m\u00eame, si vous utilisez un autre navigateur Internet, vous devrez \u00e0 nouveau refuser ces Cookies car vos choix, comme les cookies auxquels ils se rapportent, d\u00e9pendent du navigateur et du terminal (ordinateur, tablette, smartphone, etc.) que vous utilisez pour consulter notre site.[\/vc_column_text][\/vc_column][\/vc_row][vc_row full_width=&#8221;stretch_row&#8221; bg_type=&#8221;image&#8221; parallax_style=&#8221;vcpb-default&#8221; bg_image_new=&#8221;id^144|url^https:\/\/fondation-alberici.org\/wp-content\/uploads\/2019\/03\/fond-bandeau-contact.png|caption^null|alt^fond-bandeau-contact|title^fond-bandeau-contact|description^null&#8221; bg_image_repeat=&#8221;no-repeat&#8221; bg_override=&#8221;ex-full&#8221; el_class=&#8221;contact-row&#8221; el_id=&#8221;contact&#8221;][vc_column css=&#8221;.vc_custom_1551697505999{padding-top: 200px !important;}&#8221;]<div id=\"ultimate-heading-314869f61b0eb649f\" class=\"uvc-heading ult-adjust-bottom-margin ultimate-heading-314869f61b0eb649f uvc-2522  uvc-heading-default-font-sizes\" data-hspacer=\"image_only\"  data-halign=\"center\" style=\"text-align:center\"><div class=\"uvc-main-heading ult-responsive\"  data-ultimate-target='.uvc-heading.ultimate-heading-314869f61b0eb649f h2'  data-responsive-json-new='{\"font-size\":\"\",\"line-height\":\"\"}' ><h2 style=\"--font-weight:theme;color:#ffffff;margin-bottom:20px;\">Vous souhaitez en savoir plus, contactez-nous !<\/h2><\/div><div class=\"uvc-heading-spacer image_only\" style=\"top\"><img decoding=\"async\" src=\"\" class=\"ultimate-headings-icon-image\" alt=\"\" style=\"width:36px\"\/><\/div><\/div>[vc_row_inner][vc_column_inner width=&#8221;1\/2&#8243; offset=&#8221;vc_col-lg-offset-3 vc_col-lg-3 vc_col-md-offset-3 vc_col-md-3 vc_col-sm-offset-0 vc_col-xs-12&#8243;][vc_icon icon_fontawesome=&#8221;fa fa-phone&#8221; color=&#8221;custom&#8221; size=&#8221;sm&#8221; custom_color=&#8221;#ffffff&#8221; el_class=&#8221;tel&#8221;][vc_column_text el_class=&#8221;tel&#8221; css=&#8221;.vc_custom_1551888104300{padding-top: 15px !important;}&#8221;]<\/p>\n<p style=\"text-align: left;\">+33 (0)4 37 49 87 20<\/p>\n<p>[\/vc_column_text][\/vc_column_inner][vc_column_inner width=&#8221;1\/2&#8243; offset=&#8221;vc_col-lg-3 vc_col-md-3 vc_col-xs-12&#8243;][vc_icon icon_fontawesome=&#8221;fa fa-envelope&#8221; color=&#8221;custom&#8221; size=&#8221;sm&#8221; custom_color=&#8221;#ffffff&#8221; el_class=&#8221;mail&#8221;][vc_column_text el_class=&#8221;mail&#8221; css=&#8221;.vc_custom_1752756349221{padding-top: 15px !important;}&#8221;]<\/p>\n<p style=\"text-align: left;\"><a href=\"mailto:initiative@octalfa.eu\">fondation-alberici@octalfa.eu<\/a><\/p>\n<p>[\/vc_column_text][\/vc_column_inner][\/vc_row_inner][\/vc_column][\/vc_row]<\/p>\n<\/div>","protected":false},"excerpt":{"rendered":"<p>[vc_row][vc_column][vc_column_text]Lors de la consultation de notre site initiative-octalfa.eu, des informations sont susceptibles d\u2019\u00eatre enregistr\u00e9es dans des fichiers \u00ab Cookies \u00bb&hellip;<\/p>\n","protected":false},"author":1,"featured_media":0,"parent":0,"menu_order":0,"comment_status":"closed","ping_status":"closed","template":"","meta":{"footnotes":""},"acf":[],"yoast_head":"<!-- This site is optimized with the Yoast SEO plugin v21.8.1 - https:\/\/yoast.com\/wordpress\/plugins\/seo\/ -->\n<title>Politique de confidentialit\u00e9 - Fondation Dominique &amp; Tom Alberici - OCTALFA<\/title>\n<meta name=\"description\" content=\"Informez vous sur la politique de confidentialit\u00e9 du site de la Fondation ominique et Tom Alberici.\" \/>\n<meta name=\"robots\" content=\"index, follow, max-snippet:-1, max-image-preview:large, max-video-preview:-1\" \/>\n<link rel=\"canonical\" href=\"https:\/\/fondation-alberici.org\/en\/politique-de-confidentialite\/\" \/>\n<meta property=\"og:locale\" content=\"en_US\" \/>\n<meta property=\"og:type\" content=\"article\" \/>\n<meta property=\"og:title\" content=\"Politique de confidentialit\u00e9 - Fondation Dominique &amp; Tom Alberici - OCTALFA\" \/>\n<meta property=\"og:description\" content=\"Informez vous sur la politique de confidentialit\u00e9 du site de la Fondation ominique et Tom Alberici.\" \/>\n<meta property=\"og:url\" content=\"https:\/\/fondation-alberici.org\/en\/politique-de-confidentialite\/\" \/>\n<meta property=\"og:site_name\" content=\"Fondation Dominique &amp; Tom Alberici - OCTALFA\" \/>\n<meta property=\"article:modified_time\" content=\"2025-07-17T12:45:44+00:00\" \/>\n<meta name=\"twitter:card\" content=\"summary_large_image\" \/>\n<meta name=\"twitter:label1\" content=\"Est. reading time\" \/>\n\t<meta name=\"twitter:data1\" content=\"6 minutes\" \/>\n<script type=\"application\/ld+json\" class=\"yoast-schema-graph\">{\"@context\":\"https:\/\/schema.org\",\"@graph\":[{\"@type\":\"WebPage\",\"@id\":\"https:\/\/fondation-alberici.org\/en\/politique-de-confidentialite\/\",\"url\":\"https:\/\/fondation-alberici.org\/en\/politique-de-confidentialite\/\",\"name\":\"Politique de confidentialit\u00e9 - Fondation Dominique &amp; Tom Alberici - OCTALFA\",\"isPartOf\":{\"@id\":\"https:\/\/fondation-alberici.org\/#website\"},\"datePublished\":\"2019-03-13T09:56:00+00:00\",\"dateModified\":\"2025-07-17T12:45:44+00:00\",\"description\":\"Informez vous sur la politique de confidentialit\u00e9 du site de la Fondation ominique et Tom Alberici.\",\"breadcrumb\":{\"@id\":\"https:\/\/fondation-alberici.org\/en\/politique-de-confidentialite\/#breadcrumb\"},\"inLanguage\":\"en-US\",\"potentialAction\":[{\"@type\":\"ReadAction\",\"target\":[\"https:\/\/fondation-alberici.org\/en\/politique-de-confidentialite\/\"]}]},{\"@type\":\"BreadcrumbList\",\"@id\":\"https:\/\/fondation-alberici.org\/en\/politique-de-confidentialite\/#breadcrumb\",\"itemListElement\":[{\"@type\":\"ListItem\",\"position\":1,\"name\":\"Accueil\",\"item\":\"https:\/\/fondation-alberici.org\/en\/\"},{\"@type\":\"ListItem\",\"position\":2,\"name\":\"Politique de confidentialit\u00e9\"}]},{\"@type\":\"WebSite\",\"@id\":\"https:\/\/fondation-alberici.org\/#website\",\"url\":\"https:\/\/fondation-alberici.org\/\",\"name\":\"Fondation Dominique &amp; Tom Alberici - OCTALFA\",\"description\":\"Am\u00e9liorer la qualit\u00e9 de vie des personnes handicap\u00e9es et des malades souffrant de cancers. \",\"potentialAction\":[{\"@type\":\"SearchAction\",\"target\":{\"@type\":\"EntryPoint\",\"urlTemplate\":\"https:\/\/fondation-alberici.org\/?s={search_term_string}\"},\"query-input\":\"required name=search_term_string\"}],\"inLanguage\":\"en-US\"}]}<\/script>\n<!-- \/ Yoast SEO plugin. -->","yoast_head_json":{"title":"Politique de confidentialit\u00e9 - Fondation Dominique &amp; Tom Alberici - OCTALFA","description":"Informez vous sur la politique de confidentialit\u00e9 du site de la Fondation ominique et Tom Alberici.","robots":{"index":"index","follow":"follow","max-snippet":"max-snippet:-1","max-image-preview":"max-image-preview:large","max-video-preview":"max-video-preview:-1"},"canonical":"https:\/\/fondation-alberici.org\/en\/politique-de-confidentialite\/","og_locale":"en_US","og_type":"article","og_title":"Politique de confidentialit\u00e9 - Fondation Dominique &amp; Tom Alberici - OCTALFA","og_description":"Informez vous sur la politique de confidentialit\u00e9 du site de la Fondation ominique et Tom Alberici.","og_url":"https:\/\/fondation-alberici.org\/en\/politique-de-confidentialite\/","og_site_name":"Fondation Dominique &amp; Tom Alberici - OCTALFA","article_modified_time":"2025-07-17T12:45:44+00:00","twitter_card":"summary_large_image","twitter_misc":{"Est. reading time":"6 minutes"},"schema":{"@context":"https:\/\/schema.org","@graph":[{"@type":"WebPage","@id":"https:\/\/fondation-alberici.org\/en\/politique-de-confidentialite\/","url":"https:\/\/fondation-alberici.org\/en\/politique-de-confidentialite\/","name":"Politique de confidentialit\u00e9 - Fondation Dominique &amp; Tom Alberici - OCTALFA","isPartOf":{"@id":"https:\/\/fondation-alberici.org\/#website"},"datePublished":"2019-03-13T09:56:00+00:00","dateModified":"2025-07-17T12:45:44+00:00","description":"Informez vous sur la politique de confidentialit\u00e9 du site de la Fondation ominique et Tom Alberici.","breadcrumb":{"@id":"https:\/\/fondation-alberici.org\/en\/politique-de-confidentialite\/#breadcrumb"},"inLanguage":"en-US","potentialAction":[{"@type":"ReadAction","target":["https:\/\/fondation-alberici.org\/en\/politique-de-confidentialite\/"]}]},{"@type":"BreadcrumbList","@id":"https:\/\/fondation-alberici.org\/en\/politique-de-confidentialite\/#breadcrumb","itemListElement":[{"@type":"ListItem","position":1,"name":"Accueil","item":"https:\/\/fondation-alberici.org\/en\/"},{"@type":"ListItem","position":2,"name":"Politique de confidentialit\u00e9"}]},{"@type":"WebSite","@id":"https:\/\/fondation-alberici.org\/#website","url":"https:\/\/fondation-alberici.org\/","name":"Fondation Dominique &amp; Tom Alberici - OCTALFA","description":"Am\u00e9liorer la qualit\u00e9 de vie des personnes handicap\u00e9es et des malades souffrant de cancers. ","potentialAction":[{"@type":"SearchAction","target":{"@type":"EntryPoint","urlTemplate":"https:\/\/fondation-alberici.org\/?s={search_term_string}"},"query-input":"required name=search_term_string"}],"inLanguage":"en-US"}]}},"_links":{"self":[{"href":"https:\/\/fondation-alberici.org\/en\/wp-json\/wp\/v2\/pages\/1356"}],"collection":[{"href":"https:\/\/fondation-alberici.org\/en\/wp-json\/wp\/v2\/pages"}],"about":[{"href":"https:\/\/fondation-alberici.org\/en\/wp-json\/wp\/v2\/types\/page"}],"author":[{"embeddable":true,"href":"https:\/\/fondation-alberici.org\/en\/wp-json\/wp\/v2\/users\/1"}],"replies":[{"embeddable":true,"href":"https:\/\/fondation-alberici.org\/en\/wp-json\/wp\/v2\/comments?post=1356"}],"version-history":[{"count":1,"href":"https:\/\/fondation-alberici.org\/en\/wp-json\/wp\/v2\/pages\/1356\/revisions"}],"predecessor-version":[{"id":4302,"href":"https:\/\/fondation-alberici.org\/en\/wp-json\/wp\/v2\/pages\/1356\/revisions\/4302"}],"wp:attachment":[{"href":"https:\/\/fondation-alberici.org\/en\/wp-json\/wp\/v2\/media?parent=1356"}],"curies":[{"name":"wp","href":"https:\/\/api.w.org\/{rel}","templated":true}]}}